{"id":299,"date":"2025-09-03T12:49:21","date_gmt":"2025-09-03T10:49:21","guid":{"rendered":"https:\/\/tcclogistics.ecocartas.com\/?page_id=299"},"modified":"2025-10-16T17:50:54","modified_gmt":"2025-10-16T15:50:54","slug":"mention-legale","status":"publish","type":"page","link":"https:\/\/tcclogistics.com\/en\/mention-legale\/","title":{"rendered":"Legal notice"},"content":{"rendered":"<div data-elementor-type=\"wp-page\" data-elementor-id=\"299\" class=\"elementor elementor-299\" data-elementor-post-type=\"page\">\n\t\t\t\t<div class=\"elementor-element elementor-element-b8558fc e-con-full e-flex e-con e-parent\" data-id=\"b8558fc\" data-element_type=\"container\">\n\t\t\t\t<div class=\"elementor-element elementor-element-56d6efc elementor-widget elementor-widget-heading\" data-id=\"56d6efc\" data-element_type=\"widget\" data-widget_type=\"heading.default\">\n\t\t\t\t\t<h1 class=\"elementor-heading-title elementor-size-default\">Legal notice<\/h1>\t\t\t\t<\/div>\n\t\t\t\t<div class=\"elementor-element elementor-element-231ccca elementor-widget elementor-widget-text-editor\" data-id=\"231ccca\" data-element_type=\"widget\" data-widget_type=\"text-editor.default\">\n\t\t\t\t\t\t\t\t\t<p><strong>LEGAL NOTICE<\/strong><\/p><p>In accordance with Articles 6-III and 19 of Law No. 2004-575 of June 21, 2004, on confidence in the digital economy (LCEN), we inform users and visitors of the TCC Logistics website https:\/\/tcclogistics.com of the following information:<\/p><p><strong>SITE PUBLISHER<\/strong><br \/>Company Name: <span data-teams=\"true\">Oroneta Audiovisuals S.L.<\/span><br \/>Legal Status: <span data-teams=\"true\">S.L.<\/span><br \/>Share Capital: <span data-teams=\"true\">\u20ac3.200<\/span><br \/>Address: <span data-teams=\"true\">Carrer de Pizarro 1 piso 3 puerta 12\u00a0<\/span><br \/>Phone: <span data-teams=\"true\">+ 34 96 323 11 74<\/span><br \/>Email: <span data-teams=\"true\">info@oronetaaudiovisuals.com<\/span><br \/>SIRET Number:<br \/>RCS\/RM : <span data-teams=\"true\">46004 Valencia<\/span><br \/>Publication Director: <span data-teams=\"true\">Jose Luis Abril<\/span><\/p><p><strong>HOSTING<\/strong><br \/>The site is hosted by: SOLUNOVA<br \/>Address: 78 Rue John Mac Adam-30900 N\u00eemes<br \/>Phone:<span style=\"color: #093e66;\"> <a style=\"color: #093e66;\" href=\"tel:+33448060123\">04 48 06 01 23<\/a><\/span><br \/>Website : <span style=\"color: #093e66;\"><a style=\"color: #093e66;\" href=\"https:\/\/www.solunova.fr\/nous-contacter\/\">https:\/\/www.solunova.fr\/nous-contacter\/<\/a><\/span><\/p><p><strong>INTELLECTUAL PROPERTY<\/strong><br \/>All content on this site (texts, images, graphics, logo, icons, etc.) is the exclusive property of TCC Logistics, unless otherwise stated.\nAny reproduction, distribution, modification, adaptation, retransmission, or publication, even partial, is strictly prohibited without prior written permission.<br \/><strong><br \/>LIABILITY<\/strong><br \/>The site publisher strives to ensure the accuracy and updating of the information provided but cannot guarantee its completeness or the absence of errors.\nThe user acknowledges that they use this information at their own risk.<\/p>\t\t\t\t\t\t\t\t<\/div>\n\t\t\t\t<\/div>\n\t\t\t\t<\/div>","protected":false},"excerpt":{"rendered":"<p>Mention L\u00e9gale MENTIONS L\u00c9GALES Conform\u00e9ment aux dispositions des articles 6-III et 19 de la Loi n\u00b02004-575 du 21 juin 2004 pour la confiance dans l&rsquo;\u00e9conomie num\u00e9rique (LCEN), nous informons les utilisateurs et visiteurs du site de TCC Logistics https:\/\/tcclogistics.com\/ des informations suivantes : \u00c9DITEUR DU SITERaison sociale : Oroneta Audiovisuals S.L.Statut juridique : S.L.Capital social [&hellip;]<\/p>","protected":false},"author":1,"featured_media":0,"parent":0,"menu_order":0,"comment_status":"closed","ping_status":"closed","template":"elementor_header_footer","meta":{"footnotes":""},"class_list":["post-299","page","type-page","status-publish","hentry"],"_links":{"self":[{"href":"https:\/\/tcclogistics.com\/en\/wp-json\/wp\/v2\/pages\/299","targetHints":{"allow":["GET"]}}],"collection":[{"href":"https:\/\/tcclogistics.com\/en\/wp-json\/wp\/v2\/pages"}],"about":[{"href":"https:\/\/tcclogistics.com\/en\/wp-json\/wp\/v2\/types\/page"}],"author":[{"embeddable":true,"href":"https:\/\/tcclogistics.com\/en\/wp-json\/wp\/v2\/users\/1"}],"replies":[{"embeddable":true,"href":"https:\/\/tcclogistics.com\/en\/wp-json\/wp\/v2\/comments?post=299"}],"version-history":[{"count":25,"href":"https:\/\/tcclogistics.com\/en\/wp-json\/wp\/v2\/pages\/299\/revisions"}],"predecessor-version":[{"id":904,"href":"https:\/\/tcclogistics.com\/en\/wp-json\/wp\/v2\/pages\/299\/revisions\/904"}],"wp:attachment":[{"href":"https:\/\/tcclogistics.com\/en\/wp-json\/wp\/v2\/media?parent=299"}],"curies":[{"name":"wp","href":"https:\/\/api.w.org\/{rel}","templated":true}]}}