{"id":307,"date":"2025-09-03T16:18:12","date_gmt":"2025-09-03T14:18:12","guid":{"rendered":"https:\/\/tcclogistics.ecocartas.com\/?page_id=307"},"modified":"2025-10-16T17:51:38","modified_gmt":"2025-10-16T15:51:38","slug":"politique-de-confidentialite","status":"publish","type":"page","link":"https:\/\/tcclogistics.com\/en\/politique-de-confidentialite\/","title":{"rendered":"Privacy policy"},"content":{"rendered":"<div data-elementor-type=\"wp-page\" data-elementor-id=\"307\" class=\"elementor elementor-307\" data-elementor-post-type=\"page\">\n\t\t\t\t<div class=\"elementor-element elementor-element-2e10b26 e-con-full e-flex e-con e-parent\" data-id=\"2e10b26\" data-element_type=\"container\">\n\t\t\t\t<div class=\"elementor-element elementor-element-f697590 elementor-widget elementor-widget-heading\" data-id=\"f697590\" data-element_type=\"widget\" data-widget_type=\"heading.default\">\n\t\t\t\t\t<h1 class=\"elementor-heading-title elementor-size-default\">Privacy policy<\/h1>\t\t\t\t<\/div>\n\t\t\t\t<div class=\"elementor-element elementor-element-23f88b9 elementor-widget elementor-widget-text-editor\" data-id=\"23f88b9\" data-element_type=\"widget\" data-widget_type=\"text-editor.default\">\n\t\t\t\t\t\t\t\t\t<p>Last Updated: 15\/09\/25\nThis privacy policy aims to inform users of the TCC Logistics website https:\/\/tcclogistics.com about the personal data collected, its processing, and users' rights, in accordance with the General Data Protection Regulation (GDPR) effective May 25, 2018.<\/p><p><strong>DATA CONTROLLER<\/strong><br \/>The data controller is:\nTCC Logistics\nAddress: 10, place de Joliette \u2013 H\u00f4tel de Direction, 1st floor, 13002 Marseille, France\nEmail: marseille@tcclogistics.com<\/p><p><strong>DATA COLLECTED<\/strong><br \/>We collect the following data through our website:\nIdentification data: first and last name, email, phone\nBrowsing data: IP address, browser, pages visited, visit duration\nData submitted through forms (contact, registration, etc.)<\/p><p><strong>PURPOSE OF PROCESSING<\/strong><br \/>The data collected is used to:\nRespond to user inquiries\nManage orders and deliveries (if applicable)\nSend information and news (if prior consent is given)\nImprove user experience and site performance<\/p><p><strong>LEGAL BASIS<\/strong><br \/>Data processing is based on one of the following legal grounds:\nUser consent\nContract execution\nLegal obligation\nLegitimate interest of the company<\/p><p><strong>DATA RETENTION PERIOD<\/strong><br \/>Data is kept for a maximum of:\n3 years after the last contact for prospects\n5 years for clients\n13 months for cookies and trackers<\/p><p><strong>USER RIGHTS<\/strong><br \/>Conform\u00e9ment au RGPD, vous disposez des droits suivants : &#8211; Droit d\u2019acc\u00e8s &#8211; Droit de rectification &#8211; Droit d\u2019effacement (droit \u00e0 l\u2019oubli) &#8211; Droit d\u2019opposition &#8211; Droit \u00e0 la portabilit\u00e9 &#8211; Droit \u00e0 la limitation du traitement Pour exercer vos droits, contactez-nous \u00e0 :<span style=\"color: #093e66;\"> <a style=\"color: #093e66;\" href=\"mailto:rgpd@tcclogistics.com\">rgpd@tcclogistics.com<\/a><\/span><\/p><p><strong>SECURITY<\/strong><br \/>We implement all appropriate technical and organizational measures to protect your data.<\/p><p><strong>COMPLAINTS<\/strong><br \/>En cas de litige, vous pouvez adresser une r\u00e9clamation \u00e0 la CNIL <span style=\"color: #093e66;\">(<\/span><a href=\"http:\/\/www.cnil.fr\"><span style=\"color: #ff0000;\"><span style=\"color: #093e66;\">www.cnil.fr<\/span><\/span><\/a>).<\/p>\t\t\t\t\t\t\t\t<\/div>\n\t\t\t\t<\/div>\n\t\t\t\t<\/div>","protected":false},"excerpt":{"rendered":"<p>Politique de confidentialit\u00e9 Derni\u00e8re mise \u00e0 jour : 15\/09\/25 La pr\u00e9sente politique de confidentialit\u00e9 a pour but d\u2019informer les utilisateurs du site de TCC Logistics https:\/\/tcclogistics.com\/ sur les donn\u00e9es personnelles collect\u00e9es, leur traitement et les droits des utilisateurs, conform\u00e9ment au R\u00e8glement G\u00e9n\u00e9ral sur la Protection des Donn\u00e9es (RGPD) en vigueur depuis le 25 mai 2018. [&hellip;]<\/p>","protected":false},"author":1,"featured_media":0,"parent":0,"menu_order":0,"comment_status":"closed","ping_status":"closed","template":"elementor_header_footer","meta":{"footnotes":""},"class_list":["post-307","page","type-page","status-publish","hentry"],"_links":{"self":[{"href":"https:\/\/tcclogistics.com\/en\/wp-json\/wp\/v2\/pages\/307","targetHints":{"allow":["GET"]}}],"collection":[{"href":"https:\/\/tcclogistics.com\/en\/wp-json\/wp\/v2\/pages"}],"about":[{"href":"https:\/\/tcclogistics.com\/en\/wp-json\/wp\/v2\/types\/page"}],"author":[{"embeddable":true,"href":"https:\/\/tcclogistics.com\/en\/wp-json\/wp\/v2\/users\/1"}],"replies":[{"embeddable":true,"href":"https:\/\/tcclogistics.com\/en\/wp-json\/wp\/v2\/comments?post=307"}],"version-history":[{"count":19,"href":"https:\/\/tcclogistics.com\/en\/wp-json\/wp\/v2\/pages\/307\/revisions"}],"predecessor-version":[{"id":907,"href":"https:\/\/tcclogistics.com\/en\/wp-json\/wp\/v2\/pages\/307\/revisions\/907"}],"wp:attachment":[{"href":"https:\/\/tcclogistics.com\/en\/wp-json\/wp\/v2\/media?parent=307"}],"curies":[{"name":"wp","href":"https:\/\/api.w.org\/{rel}","templated":true}]}}