{"id":318,"date":"2025-09-03T16:28:55","date_gmt":"2025-09-03T14:28:55","guid":{"rendered":"https:\/\/tcclogistics.ecocartas.com\/?page_id=318"},"modified":"2025-09-23T12:13:12","modified_gmt":"2025-09-23T10:13:12","slug":"politique-de-cookies","status":"publish","type":"page","link":"https:\/\/tcclogistics.com\/en\/politique-de-cookies\/","title":{"rendered":"Cookie policy"},"content":{"rendered":"<div data-elementor-type=\"wp-page\" data-elementor-id=\"318\" class=\"elementor elementor-318\" data-elementor-post-type=\"page\">\n\t\t\t\t<div class=\"elementor-element elementor-element-edf56cb e-con-full e-flex e-con e-parent\" data-id=\"edf56cb\" data-element_type=\"container\">\n\t\t\t\t<div class=\"elementor-element elementor-element-a8d550c elementor-widget elementor-widget-heading\" data-id=\"a8d550c\" data-element_type=\"widget\" data-widget_type=\"heading.default\">\n\t\t\t\t\t<h1 class=\"elementor-heading-title elementor-size-default\">Cookie policy<\/h1>\t\t\t\t<\/div>\n\t\t\t\t<div class=\"elementor-element elementor-element-7980120 elementor-widget elementor-widget-text-editor\" data-id=\"7980120\" data-element_type=\"widget\" data-widget_type=\"text-editor.default\">\n\t\t\t\t\t\t\t\t\t<p>Lors de votre navigation sur notre site [nom du site], des cookies peuvent \u00eatre d\u00e9pos\u00e9s sur votre terminal (ordinateur, mobile, tablette).<\/p><p><strong>QU\u2019EST-CE QU\u2019UN COOKIE ?<\/strong><br \/>Un cookie est un petit fichier texte d\u00e9pos\u00e9 sur votre appareil lorsque vous visitez un site. Il permet notamment de collecter des informations relatives \u00e0 votre navigation.<\/p><p><strong>TYPE DE COOKIES UTILIS\u00c9S<\/strong><br \/>Nous utilisons diff\u00e9rents types de cookies : &#8211; Cookies strictement n\u00e9cessaires : assurent le bon fonctionnement du site (pr\u00e9f\u00e9rences, acc\u00e8s s\u00e9curis\u00e9, etc.) &#8211; Cookies de performance et statistiques : permettent d\u2019analyser la fr\u00e9quentation du site (ex. : Google Analytics) &#8211; Cookies de r\u00e9seaux sociaux : facilitent le partage sur les plateformes sociales (Facebook, X, LinkedIn\u2026) &#8211; Cookies publicitaires : permettent l\u2019affichage de publicit\u00e9s cibl\u00e9es<\/p><p><strong>GESTION DU CONSENTEMENT<\/strong><br \/>Lors de votre premi\u00e8re visite, un bandeau vous permet d\u2019accepter, refuser ou personnaliser les cookies. Vous pouvez modifier vos choix \u00e0 tout moment via le lien \u00ab G\u00e9rer mes cookies \u00bb disponible en bas de page.<\/p><p><strong>DATA RETENTION PERIOD<\/strong><br \/>Les cookies sont conserv\u00e9s pendant une dur\u00e9e maximale de 13 mois \u00e0 compter de leur d\u00e9p\u00f4t sur votre terminal. VOS DROITS Conform\u00e9ment au RGPD, vous avez le droit de retirer votre consentement \u00e0 tout moment. Pour en savoir plus, veuillez consulter notre Politique de confidentialit\u00e9.<\/p><p><strong>CONTACT<\/strong><br \/>Pour toute question concernant notre politique de cookies : <a href=\"mailto:rgpd@tcclogistics.com\">rgpd@tcclogistics.com<\/a><\/p>\t\t\t\t\t\t\t\t<\/div>\n\t\t\t\t<\/div>\n\t\t\t\t<\/div>","protected":false},"excerpt":{"rendered":"<p>Politique de Cookies Lors de votre navigation sur notre site [nom du site], des cookies peuvent \u00eatre d\u00e9pos\u00e9s sur votre terminal (ordinateur, mobile, tablette). QU\u2019EST-CE QU\u2019UN COOKIE ?Un cookie est un petit fichier texte d\u00e9pos\u00e9 sur votre appareil lorsque vous visitez un site. Il permet notamment de collecter des informations relatives \u00e0 votre navigation. TYPE [&hellip;]<\/p>","protected":false},"author":1,"featured_media":0,"parent":0,"menu_order":0,"comment_status":"closed","ping_status":"closed","template":"elementor_header_footer","meta":{"footnotes":""},"class_list":["post-318","page","type-page","status-publish","hentry"],"_links":{"self":[{"href":"https:\/\/tcclogistics.com\/en\/wp-json\/wp\/v2\/pages\/318","targetHints":{"allow":["GET"]}}],"collection":[{"href":"https:\/\/tcclogistics.com\/en\/wp-json\/wp\/v2\/pages"}],"about":[{"href":"https:\/\/tcclogistics.com\/en\/wp-json\/wp\/v2\/types\/page"}],"author":[{"embeddable":true,"href":"https:\/\/tcclogistics.com\/en\/wp-json\/wp\/v2\/users\/1"}],"replies":[{"embeddable":true,"href":"https:\/\/tcclogistics.com\/en\/wp-json\/wp\/v2\/comments?post=318"}],"version-history":[{"count":7,"href":"https:\/\/tcclogistics.com\/en\/wp-json\/wp\/v2\/pages\/318\/revisions"}],"predecessor-version":[{"id":456,"href":"https:\/\/tcclogistics.com\/en\/wp-json\/wp\/v2\/pages\/318\/revisions\/456"}],"wp:attachment":[{"href":"https:\/\/tcclogistics.com\/en\/wp-json\/wp\/v2\/media?parent=318"}],"curies":[{"name":"wp","href":"https:\/\/api.w.org\/{rel}","templated":true}]}}